{"id":581,"date":"2018-07-23T13:47:38","date_gmt":"2018-07-23T13:47:38","guid":{"rendered":"https:\/\/ealert.md\/?page_id=581"},"modified":"2023-10-23T14:35:45","modified_gmt":"2023-10-23T14:35:45","slug":"what-we-do","status":"publish","type":"page","link":"https:\/\/ealert.md\/en\/what-we-do\/","title":{"rendered":"What We Do"},"content":{"rendered":"<div data-elementor-type=\"wp-post\" data-elementor-id=\"581\" class=\"elementor elementor-581\">\n\t\t\t\t\t\t<section class=\"elementor-section elementor-top-section elementor-element elementor-element-09fac2d elementor-section-content-top elementor-section-stretched elementor-section-boxed elementor-section-height-default elementor-section-height-default\" data-id=\"09fac2d\" data-element_type=\"section\" data-e-type=\"section\" data-settings=\"{&quot;background_background&quot;:&quot;classic&quot;,&quot;stretch_section&quot;:&quot;section-stretched&quot;}\">\n\t\t\t\t\t\t<div class=\"elementor-container elementor-column-gap-extended\">\n\t\t\t\t\t<div class=\"elementor-column elementor-col-50 elementor-top-column elementor-element elementor-element-9bbdbc5 sc_layouts_column_icons_position_left elementor-invisible\" data-id=\"9bbdbc5\" data-element_type=\"column\" data-e-type=\"column\" data-settings=\"{&quot;animation&quot;:&quot;fadeInLeft&quot;}\">\n\t\t\t<div class=\"elementor-widget-wrap elementor-element-populated\">\n\t\t\t\t\t\t<div class=\"elementor-element elementor-element-256d896 scheme_dark sc_fly_static elementor-widget elementor-widget-trx_sc_promo\" data-id=\"256d896\" data-element_type=\"widget\" data-e-type=\"widget\" data-widget_type=\"trx_sc_promo.default\">\n\t\t\t\t<div class=\"elementor-widget-container\">\n\t\t\t\t\t<div  id=\"trx_sc_promo_828465232\" \n\tclass=\"sc_promo scheme_dark sc_promo_preview sc_promo_size_normal sc_promo_image_position_left\"><div class=\"sc_promo_image\" style=\"background-image:url(\/\/ealert.md\/wp-content\/uploads\/2023\/05\/aerial-drone-view-chisinau-thermal-station-with-smoke-coming-out-tube-buildings-roads-fog-air-moldova.png);width:91%;left: 0;height:454px;\"><\/div><!-- \/.sc_promo_image --><div class=\"sc_promo_text\" style=\"float: right; \">\n\t\t\t<div class=\"sc_promo_text_inner trx_addons_inline_199696468\">\n                                <div class=\"promo_content_wrap\">\n                    <div class=\"sc_promo_icon\" data-icon=\"icon-041-plant\"><span class=\"icon-041-plant\"><\/span><\/div>                    <div class=\"promo_content\">\n                        <div class=\"title_wrap\">\n                            <h3 class=\"sc_item_title sc_promo_title sc_item_title_style_default sc_item_title_tag trx_addons_inline_835444601\"><span class=\"sc_item_title_text\">470+<\/span><\/h3><span class=\"sc_item_subtitle sc_promo_subtitle sc_item_subtitle_below sc_item_title_style_default\">Eco Campaigns<\/span>                        <\/div>\n                    <\/div>\n                <\/div>\n                                \t\t\t\t<\/div>\n\t\t<\/div><!-- \/.sc_promo_text --><\/div><!-- \/.sc_promo -->\t\t\t\t<\/div>\n\t\t\t\t<\/div>\n\t\t\t\t\t<\/div>\n\t\t<\/div>\n\t\t\t\t<div class=\"elementor-column elementor-col-50 elementor-top-column elementor-element elementor-element-920e8e5 sc_layouts_column_icons_position_left elementor-invisible\" data-id=\"920e8e5\" data-element_type=\"column\" data-e-type=\"column\" data-settings=\"{&quot;animation&quot;:&quot;fadeInRight&quot;}\">\n\t\t\t<div class=\"elementor-widget-wrap elementor-element-populated\">\n\t\t\t\t\t\t<div class=\"elementor-element elementor-element-29a2ff3 sc_fly_static elementor-widget elementor-widget-heading\" data-id=\"29a2ff3\" data-element_type=\"widget\" data-e-type=\"widget\" data-widget_type=\"heading.default\">\n\t\t\t\t<div class=\"elementor-widget-container\">\n\t\t\t\t\t<h2 class=\"elementor-heading-title elementor-size-default\">Ce reprezint\u0103 eAlert<\/h2>\t\t\t\t<\/div>\n\t\t\t\t<\/div>\n\t\t\t\t<div class=\"elementor-element elementor-element-d4885ad sc_fly_static elementor-widget elementor-widget-text-editor\" data-id=\"d4885ad\" data-element_type=\"widget\" data-e-type=\"widget\" data-widget_type=\"text-editor.default\">\n\t\t\t\t<div class=\"elementor-widget-container\">\n\t\t\t\t\t\t\t\t\t<ul><li>eAlert reprezint\u0103 prima platform\u0103 \u00een municipiul Chi\u0219in\u0103u pentru monitorizarea \u00een timp real \u0219i avertizarea instantanee a popula\u021biei \u00een cazul unor hazarduri naturale \u0219i antropice periculoase. Aceast\u0103 aplica\u021bie deriv\u0103 dintr-un proiect de cercetare aplicativ, care studiaz\u0103 emisiile de poluan\u021bi din atmosfer\u0103 din diverse surse \u00een Republica Moldova, dinamica \u0219i impactul acestora.<\/li><li>Ghidul de utilizare a platformei eALERT este destinat personalului Direc\u021biei generale asisten\u021b\u0103 social\u0103 \u0219i s\u0103n\u0103tate a Prim\u0103riei Chi\u0219in\u0103u, personalului Inspectoratului General pentru Situa\u021bii de Urgen\u021b\u0103 al Ministerului Afacerilor Interne \u0219i personalului Serviciului Hidro-meteorologic de Stat din Republica Moldova, dar \u0219i altor beneficiari cointeresa\u021bi de acest domeniu.<\/li><li>Elaborarea \u0219i editarea ,,Ghidului de utilizare a platformei eALERT\u201d a fost posibil\u0103 cu aportul echipei proiectului de inovare \u0219i transfer tehnologic ,,Crearea platformei eALERT pentru monitorizarea mediului \u00een regim de timp real \u0219i avertizarea instantanee a popula\u021biei din Chi\u0219in\u0103u \u00een cazul hazardurilor naturale \u0219i antropogene periculoase\u201d, cu cifrul 22.\u00ac80\u00ac015.-70\u00ac07.\u00ac26\u00ac2T,\u00ac proiect finan\u021bat de Agen\u021bia Na\u021bional\u0103 pentru Cercetare \u0219i Dezvoltare \u0219i Compania \u201ePRIDE SYSTEM\u201d SRL.<\/li><\/ul>\t\t\t\t\t\t\t\t<\/div>\n\t\t\t\t<\/div>\n\t\t\t\t\t<\/div>\n\t\t<\/div>\n\t\t\t\t\t<\/div>\n\t\t<\/section>\n\t\t\t\t<section class=\"elementor-section elementor-top-section elementor-element elementor-element-2434a56 elementor-section-boxed elementor-section-height-default elementor-section-height-default\" data-id=\"2434a56\" data-element_type=\"section\" data-e-type=\"section\">\n\t\t\t\t\t\t<div class=\"elementor-container elementor-column-gap-extended\">\n\t\t\t\t\t<div class=\"elementor-column elementor-col-100 elementor-top-column elementor-element elementor-element-9da1817 sc_layouts_column_icons_position_left\" data-id=\"9da1817\" data-element_type=\"column\" data-e-type=\"column\">\n\t\t\t<div class=\"elementor-widget-wrap elementor-element-populated\">\n\t\t\t\t\t\t<div class=\"elementor-element elementor-element-afb461d sc_fly_static elementor-widget elementor-widget-spacer\" data-id=\"afb461d\" data-element_type=\"widget\" data-e-type=\"widget\" data-widget_type=\"spacer.default\">\n\t\t\t\t<div class=\"elementor-widget-container\">\n\t\t\t\t\t\t\t<div class=\"elementor-spacer\">\n\t\t\t<div class=\"elementor-spacer-inner\"><\/div>\n\t\t<\/div>\n\t\t\t\t\t\t<\/div>\n\t\t\t\t<\/div>\n\t\t\t\t\t<\/div>\n\t\t<\/div>\n\t\t\t\t\t<\/div>\n\t\t<\/section>\n\t\t\t\t<section class=\"elementor-section elementor-top-section elementor-element elementor-element-f9357c3 elementor-section-boxed elementor-section-height-default elementor-section-height-default elementor-invisible\" data-id=\"f9357c3\" data-element_type=\"section\" data-e-type=\"section\" data-settings=\"{&quot;animation&quot;:&quot;fadeIn&quot;}\">\n\t\t\t\t\t\t<div class=\"elementor-container elementor-column-gap-extended\">\n\t\t\t\t\t<div class=\"elementor-column elementor-col-100 elementor-top-column elementor-element elementor-element-40c5cfd sc_layouts_column_icons_position_left\" data-id=\"40c5cfd\" data-element_type=\"column\" data-e-type=\"column\">\n\t\t\t<div class=\"elementor-widget-wrap elementor-element-populated\">\n\t\t\t\t\t\t<div class=\"elementor-element elementor-element-a6a9d03 sc_fly_static elementor-widget elementor-widget-trx_sc_team\" data-id=\"a6a9d03\" data-element_type=\"widget\" data-e-type=\"widget\" data-widget_type=\"trx_sc_team.default\">\n\t\t\t\t<div class=\"elementor-widget-container\">\n\t\t\t\t\t<div  id=\"trx_sc_team_1512533071\"\t\tclass=\"sc_team sc_team_short\"><h2 class=\"sc_item_title sc_team_title sc_item_title_style_accent sc_item_title_tag\"><span class=\"sc_item_title_text\">Senior Management Team<\/span><\/h2><div class=\"sc_team_columns_wrap sc_item_columns sc_item_posts_container trx_addons_columns_wrap columns_padding_bottom\"><div class=\"trx_addons_column-1_4\"><div class=\"sc_team_item no_links post-558 cpt_team type-cpt_team status-publish has-post-thumbnail hentry cpt_team_group-echipa-de-proiect\">\n\t<div class=\"post_featured sc_team_item_thumb trx_addons_hover trx_addons_hover_style_info\"><a href=\"https:\/\/ealert.md\/en\/team\/sprincean-veaceslav\/\" aria-hidden=\"true\"><img fetchpriority=\"high\" decoding=\"async\" width=\"396\" height=\"396\" src=\"https:\/\/ealert.md\/wp-content\/uploads\/2018\/07\/Sprincean-Veaceslav-logo.jpg\" class=\"attachment-ekoterra-thumb-team-square size-ekoterra-thumb-team-square wp-post-image\" alt=\"\" srcset=\"https:\/\/ealert.md\/wp-content\/uploads\/2018\/07\/Sprincean-Veaceslav-logo.jpg 396w, https:\/\/ealert.md\/wp-content\/uploads\/2018\/07\/Sprincean-Veaceslav-logo-150x150.jpg 150w, https:\/\/ealert.md\/wp-content\/uploads\/2018\/07\/Sprincean-Veaceslav-logo-12x12.jpg 12w, https:\/\/ealert.md\/wp-content\/uploads\/2018\/07\/Sprincean-Veaceslav-logo-370x370.jpg 370w, https:\/\/ealert.md\/wp-content\/uploads\/2018\/07\/Sprincean-Veaceslav-logo-285x285.jpg 285w, https:\/\/ealert.md\/wp-content\/uploads\/2018\/07\/Sprincean-Veaceslav-logo-90x90.jpg 90w, https:\/\/ealert.md\/wp-content\/uploads\/2018\/07\/Sprincean-Veaceslav-logo-387x387.jpg 387w\" sizes=\"(max-width: 396px) 100vw, 396px\" \/><\/a><div class=\"trx_addons_hover_content\"><div class=\"sc_team_item_socials socials_wrap trx_addons_hover_info\"><a target=\"_blank\" href=\"https:\/\/twitter.com\/themes_ancora\" class=\"social_item social_item_style_icons sc_icon_type_icons social_item_type_icons\"><span class=\"social_icon social_icon_twitter\"><span class=\"icon-twitter\"><\/span><\/span><\/a><a target=\"_blank\" href=\"https:\/\/www.facebook.com\/AncoraThemes\/\" class=\"social_item social_item_style_icons sc_icon_type_icons social_item_type_icons\"><span class=\"social_icon social_icon_facebook\"><span class=\"icon-facebook\"><\/span><\/span><\/a><a target=\"_blank\" href=\"https:\/\/www.instagram.com\/ancora_themes\/\" class=\"social_item social_item_style_icons sc_icon_type_icons social_item_type_icons\"><span class=\"social_icon social_icon_instagramm\"><span class=\"icon-instagramm\"><\/span><\/span><\/a><\/div><\/div><div class=\"trx_addons_hover_mask\"><\/div><\/div>\t<div class=\"sc_team_item_info\">\n\t\t<div class=\"sc_team_item_header\">\n\t\t\t<h6 class=\"sc_team_item_title\"><a href=\"https:\/\/ealert.md\/en\/team\/sprincean-veaceslav\/\">Sprincean Veaceslav<\/a><\/h6>\n\t\t\t<div class=\"sc_team_item_subtitle\">Coordonator al proiectului<\/div>\n\t\t<\/div>\n\t<\/div>\n<\/div>\n<\/div><div class=\"trx_addons_column-1_4\"><div class=\"sc_team_item no_links post-556 cpt_team type-cpt_team status-publish has-post-thumbnail hentry cpt_team_group-echipa-de-proiect\">\n\t<div class=\"post_featured sc_team_item_thumb trx_addons_hover trx_addons_hover_style_info\"><a href=\"https:\/\/ealert.md\/en\/team\/paladi-florentin\/\" aria-hidden=\"true\"><img decoding=\"async\" width=\"396\" height=\"396\" src=\"https:\/\/ealert.md\/wp-content\/uploads\/2018\/07\/Paladi-Florentin-logo.png\" class=\"attachment-ekoterra-thumb-team-square size-ekoterra-thumb-team-square wp-post-image\" alt=\"\" srcset=\"https:\/\/ealert.md\/wp-content\/uploads\/2018\/07\/Paladi-Florentin-logo.png 396w, https:\/\/ealert.md\/wp-content\/uploads\/2018\/07\/Paladi-Florentin-logo-150x150.png 150w, https:\/\/ealert.md\/wp-content\/uploads\/2018\/07\/Paladi-Florentin-logo-12x12.png 12w, https:\/\/ealert.md\/wp-content\/uploads\/2018\/07\/Paladi-Florentin-logo-370x370.png 370w, https:\/\/ealert.md\/wp-content\/uploads\/2018\/07\/Paladi-Florentin-logo-285x285.png 285w, https:\/\/ealert.md\/wp-content\/uploads\/2018\/07\/Paladi-Florentin-logo-90x90.png 90w, https:\/\/ealert.md\/wp-content\/uploads\/2018\/07\/Paladi-Florentin-logo-387x387.png 387w\" sizes=\"(max-width: 396px) 100vw, 396px\" \/><\/a><div class=\"trx_addons_hover_content\"><div class=\"sc_team_item_socials socials_wrap trx_addons_hover_info\"><a target=\"_blank\" href=\"https:\/\/twitter.com\/themes_ancora\" class=\"social_item social_item_style_icons sc_icon_type_icons social_item_type_icons\"><span class=\"social_icon social_icon_twitter\"><span class=\"icon-twitter\"><\/span><\/span><\/a><a target=\"_blank\" href=\"https:\/\/www.facebook.com\/AncoraThemes\/\" class=\"social_item social_item_style_icons sc_icon_type_icons social_item_type_icons\"><span class=\"social_icon social_icon_facebook\"><span class=\"icon-facebook\"><\/span><\/span><\/a><a target=\"_blank\" href=\"https:\/\/www.instagram.com\/ancora_themes\/\" class=\"social_item social_item_style_icons sc_icon_type_icons social_item_type_icons\"><span class=\"social_icon social_icon_instagramm\"><span class=\"icon-instagramm\"><\/span><\/span><\/a><\/div><\/div><div class=\"trx_addons_hover_mask\"><\/div><\/div>\t<div class=\"sc_team_item_info\">\n\t\t<div class=\"sc_team_item_header\">\n\t\t\t<h6 class=\"sc_team_item_title\"><a href=\"https:\/\/ealert.md\/en\/team\/paladi-florentin\/\">Paladi Florentin<\/a><\/h6>\n\t\t\t<div class=\"sc_team_item_subtitle\">Crearea re\u021belei de senzori de monitorizare<\/div>\n\t\t<\/div>\n\t<\/div>\n<\/div>\n<\/div><div class=\"trx_addons_column-1_4\"><div class=\"sc_team_item no_links post-555 cpt_team type-cpt_team status-publish has-post-thumbnail hentry cpt_team_group-echipa-de-proiect\">\n\t<div class=\"post_featured sc_team_item_thumb trx_addons_hover trx_addons_hover_style_info\"><a href=\"https:\/\/ealert.md\/en\/team\/leu-alexei\/\" aria-hidden=\"true\"><img decoding=\"async\" width=\"177\" height=\"203\" src=\"https:\/\/ealert.md\/wp-content\/uploads\/2018\/07\/alexei-vector.png\" class=\"attachment-ekoterra-thumb-team-square size-ekoterra-thumb-team-square wp-post-image\" alt=\"\" srcset=\"https:\/\/ealert.md\/wp-content\/uploads\/2018\/07\/alexei-vector.png 177w, https:\/\/ealert.md\/wp-content\/uploads\/2018\/07\/alexei-vector-10x12.png 10w\" sizes=\"(max-width: 177px) 100vw, 177px\" \/><\/a><div class=\"trx_addons_hover_content\"><div class=\"sc_team_item_socials socials_wrap trx_addons_hover_info\"><a target=\"_blank\" href=\"https:\/\/twitter.com\/themes_ancora\" class=\"social_item social_item_style_icons sc_icon_type_icons social_item_type_icons\"><span class=\"social_icon social_icon_twitter\"><span class=\"icon-twitter\"><\/span><\/span><\/a><a target=\"_blank\" href=\"https:\/\/www.facebook.com\/AncoraThemes\/\" class=\"social_item social_item_style_icons sc_icon_type_icons social_item_type_icons\"><span class=\"social_icon social_icon_facebook\"><span class=\"icon-facebook\"><\/span><\/span><\/a><a target=\"_blank\" href=\"https:\/\/www.instagram.com\/ancora_themes\/\" class=\"social_item social_item_style_icons sc_icon_type_icons social_item_type_icons\"><span class=\"social_icon social_icon_instagramm\"><span class=\"icon-instagramm\"><\/span><\/span><\/a><\/div><\/div><div class=\"trx_addons_hover_mask\"><\/div><\/div>\t<div class=\"sc_team_item_info\">\n\t\t<div class=\"sc_team_item_header\">\n\t\t\t<h6 class=\"sc_team_item_title\"><a href=\"https:\/\/ealert.md\/en\/team\/leu-alexei\/\">Leu Alexei<\/a><\/h6>\n\t\t\t<div class=\"sc_team_item_subtitle\">Cofinan\u0163ator<\/div>\n\t\t<\/div>\n\t<\/div>\n<\/div>\n<\/div><div class=\"trx_addons_column-1_4\"><div class=\"sc_team_item no_links post-554 cpt_team type-cpt_team status-publish has-post-thumbnail hentry cpt_team_group-echipa-de-proiect\">\n\t<div class=\"post_featured sc_team_item_thumb trx_addons_hover trx_addons_hover_style_info\"><a href=\"https:\/\/ealert.md\/en\/team\/jalencu-marian\/\" aria-hidden=\"true\"><img loading=\"lazy\" decoding=\"async\" width=\"481\" height=\"481\" src=\"https:\/\/ealert.md\/wp-content\/uploads\/2018\/07\/Jalencu-Marian.png\" class=\"attachment-ekoterra-thumb-team-square size-ekoterra-thumb-team-square wp-post-image\" alt=\"\" srcset=\"https:\/\/ealert.md\/wp-content\/uploads\/2018\/07\/Jalencu-Marian.png 481w, https:\/\/ealert.md\/wp-content\/uploads\/2018\/07\/Jalencu-Marian-400x400.png 400w, https:\/\/ealert.md\/wp-content\/uploads\/2018\/07\/Jalencu-Marian-150x150.png 150w, https:\/\/ealert.md\/wp-content\/uploads\/2018\/07\/Jalencu-Marian-12x12.png 12w, https:\/\/ealert.md\/wp-content\/uploads\/2018\/07\/Jalencu-Marian-370x370.png 370w, https:\/\/ealert.md\/wp-content\/uploads\/2018\/07\/Jalencu-Marian-285x285.png 285w, https:\/\/ealert.md\/wp-content\/uploads\/2018\/07\/Jalencu-Marian-90x90.png 90w, https:\/\/ealert.md\/wp-content\/uploads\/2018\/07\/Jalencu-Marian-387x387.png 387w\" sizes=\"(max-width: 481px) 100vw, 481px\" \/><\/a><div class=\"trx_addons_hover_content\"><div class=\"sc_team_item_socials socials_wrap trx_addons_hover_info\"><a target=\"_blank\" href=\"https:\/\/www.facebook.com\/AncoraThemes\/\" class=\"social_item social_item_style_icons sc_icon_type_icons social_item_type_icons\"><span class=\"social_icon social_icon_facebook\"><span class=\"icon-facebook\"><\/span><\/span><\/a><a target=\"_blank\" href=\"https:\/\/twitter.com\/themes_ancora\" class=\"social_item social_item_style_icons sc_icon_type_icons social_item_type_icons\"><span class=\"social_icon social_icon_twitter\"><span class=\"icon-twitter\"><\/span><\/span><\/a><a target=\"_blank\" href=\"https:\/\/www.instagram.com\/ancora_themes\/\" class=\"social_item social_item_style_icons sc_icon_type_icons social_item_type_icons\"><span class=\"social_icon social_icon_instagramm\"><span class=\"icon-instagramm\"><\/span><\/span><\/a><\/div><\/div><div class=\"trx_addons_hover_mask\"><\/div><\/div>\t<div class=\"sc_team_item_info\">\n\t\t<div class=\"sc_team_item_header\">\n\t\t\t<h6 class=\"sc_team_item_title\"><a href=\"https:\/\/ealert.md\/en\/team\/jalencu-marian\/\">Jalencu Marian<\/a><\/h6>\n\t\t\t<div class=\"sc_team_item_subtitle\">Impactul socio-economic corelat<\/div>\n\t\t<\/div>\n\t<\/div>\n<\/div>\n<\/div><div class=\"trx_addons_column-1_4\"><div class=\"sc_team_item no_links post-553 cpt_team type-cpt_team status-publish has-post-thumbnail hentry cpt_team_group-echipa-de-proiect\">\n\t<div class=\"post_featured sc_team_item_thumb trx_addons_hover trx_addons_hover_style_info\"><a href=\"https:\/\/ealert.md\/en\/team\/caraman-mihail\/\" aria-hidden=\"true\"><img loading=\"lazy\" decoding=\"async\" width=\"358\" height=\"358\" src=\"https:\/\/ealert.md\/wp-content\/uploads\/2018\/07\/Caraman-Mihail-logo.jpg\" class=\"attachment-ekoterra-thumb-team-square size-ekoterra-thumb-team-square wp-post-image\" alt=\"\" srcset=\"https:\/\/ealert.md\/wp-content\/uploads\/2018\/07\/Caraman-Mihail-logo.jpg 358w, https:\/\/ealert.md\/wp-content\/uploads\/2018\/07\/Caraman-Mihail-logo-150x150.jpg 150w, https:\/\/ealert.md\/wp-content\/uploads\/2018\/07\/Caraman-Mihail-logo-12x12.jpg 12w, https:\/\/ealert.md\/wp-content\/uploads\/2018\/07\/Caraman-Mihail-logo-285x285.jpg 285w, https:\/\/ealert.md\/wp-content\/uploads\/2018\/07\/Caraman-Mihail-logo-90x90.jpg 90w\" sizes=\"(max-width: 358px) 100vw, 358px\" \/><\/a><div class=\"trx_addons_hover_content\"><div class=\"sc_team_item_socials socials_wrap trx_addons_hover_info\"><a target=\"_blank\" href=\"https:\/\/www.facebook.com\/AncoraThemes\/\" class=\"social_item social_item_style_icons sc_icon_type_icons social_item_type_icons\"><span class=\"social_icon social_icon_facebook\"><span class=\"icon-facebook\"><\/span><\/span><\/a><a target=\"_blank\" href=\"https:\/\/twitter.com\/themes_ancora\" class=\"social_item social_item_style_icons sc_icon_type_icons social_item_type_icons\"><span class=\"social_icon social_icon_twitter\"><span class=\"icon-twitter\"><\/span><\/span><\/a><a target=\"_blank\" href=\"https:\/\/www.instagram.com\/ancora_themes\/\" class=\"social_item social_item_style_icons sc_icon_type_icons social_item_type_icons\"><span class=\"social_icon social_icon_instagramm\"><span class=\"icon-instagramm\"><\/span><\/span><\/a><\/div><\/div><div class=\"trx_addons_hover_mask\"><\/div><\/div>\t<div class=\"sc_team_item_info\">\n\t\t<div class=\"sc_team_item_header\">\n\t\t\t<h6 class=\"sc_team_item_title\"><a href=\"https:\/\/ealert.md\/en\/team\/caraman-mihail\/\">Caraman Mihail<\/a><\/h6>\n\t\t\t<div class=\"sc_team_item_subtitle\">Calibrarea re\u021belei de senzori de monitorizare<\/div>\n\t\t<\/div>\n\t<\/div>\n<\/div>\n<\/div><div class=\"trx_addons_column-1_4\"><div class=\"sc_team_item no_links post-552 cpt_team type-cpt_team status-publish has-post-thumbnail hentry cpt_team_group-echipa-de-proiect\">\n\t<div class=\"post_featured sc_team_item_thumb trx_addons_hover trx_addons_hover_style_info\"><a href=\"https:\/\/ealert.md\/en\/team\/savva-marianna\/\" aria-hidden=\"true\"><img loading=\"lazy\" decoding=\"async\" width=\"335\" height=\"335\" src=\"https:\/\/ealert.md\/wp-content\/uploads\/2018\/07\/Savva-Marianna-logo.jpg\" class=\"attachment-ekoterra-thumb-team-square size-ekoterra-thumb-team-square wp-post-image\" alt=\"\" srcset=\"https:\/\/ealert.md\/wp-content\/uploads\/2018\/07\/Savva-Marianna-logo.jpg 335w, https:\/\/ealert.md\/wp-content\/uploads\/2018\/07\/Savva-Marianna-logo-150x150.jpg 150w, https:\/\/ealert.md\/wp-content\/uploads\/2018\/07\/Savva-Marianna-logo-12x12.jpg 12w, https:\/\/ealert.md\/wp-content\/uploads\/2018\/07\/Savva-Marianna-logo-285x285.jpg 285w, https:\/\/ealert.md\/wp-content\/uploads\/2018\/07\/Savva-Marianna-logo-90x90.jpg 90w\" sizes=\"(max-width: 335px) 100vw, 335px\" \/><\/a><div class=\"trx_addons_hover_content\"><div class=\"sc_team_item_socials socials_wrap trx_addons_hover_info\"><a target=\"_blank\" href=\"https:\/\/www.facebook.com\/AncoraThemes\/\" class=\"social_item social_item_style_icons sc_icon_type_icons social_item_type_icons\"><span class=\"social_icon social_icon_facebook\"><span class=\"icon-facebook\"><\/span><\/span><\/a><a target=\"_blank\" href=\"https:\/\/twitter.com\/themes_ancora\" class=\"social_item social_item_style_icons sc_icon_type_icons social_item_type_icons\"><span class=\"social_icon social_icon_twitter\"><span class=\"icon-twitter\"><\/span><\/span><\/a><a target=\"_blank\" href=\"https:\/\/www.instagram.com\/ancora_themes\/\" class=\"social_item social_item_style_icons sc_icon_type_icons social_item_type_icons\"><span class=\"social_icon social_icon_instagramm\"><span class=\"icon-instagramm\"><\/span><\/span><\/a><\/div><\/div><div class=\"trx_addons_hover_mask\"><\/div><\/div>\t<div class=\"sc_team_item_info\">\n\t\t<div class=\"sc_team_item_header\">\n\t\t\t<h6 class=\"sc_team_item_title\"><a href=\"https:\/\/ealert.md\/en\/team\/savva-marianna\/\">Savva Marianna<\/a><\/h6>\n\t\t\t<div class=\"sc_team_item_subtitle\">Diseminarea rezultatelor proiectului<\/div>\n\t\t<\/div>\n\t<\/div>\n<\/div>\n<\/div><\/div><\/div><!-- \/.sc_team -->\t\t\t\t<\/div>\n\t\t\t\t<\/div>\n\t\t\t\t\t<\/div>\n\t\t<\/div>\n\t\t\t\t\t<\/div>\n\t\t<\/section>\n\t\t\t\t<section class=\"elementor-section elementor-top-section elementor-element elementor-element-44213e5 elementor-section-boxed elementor-section-height-default elementor-section-height-default\" data-id=\"44213e5\" data-element_type=\"section\" data-e-type=\"section\">\n\t\t\t\t\t\t<div class=\"elementor-container elementor-column-gap-extended\">\n\t\t\t\t\t<div class=\"elementor-column elementor-col-100 elementor-top-column elementor-element elementor-element-b2085a5 sc_layouts_column_icons_position_left\" data-id=\"b2085a5\" data-element_type=\"column\" data-e-type=\"column\">\n\t\t\t<div class=\"elementor-widget-wrap elementor-element-populated\">\n\t\t\t\t\t\t<div class=\"elementor-element elementor-element-f9d3068 sc_fly_static elementor-widget elementor-widget-spacer\" data-id=\"f9d3068\" data-element_type=\"widget\" data-e-type=\"widget\" data-widget_type=\"spacer.default\">\n\t\t\t\t<div class=\"elementor-widget-container\">\n\t\t\t\t\t\t\t<div class=\"elementor-spacer\">\n\t\t\t<div class=\"elementor-spacer-inner\"><\/div>\n\t\t<\/div>\n\t\t\t\t\t\t<\/div>\n\t\t\t\t<\/div>\n\t\t\t\t\t<\/div>\n\t\t<\/div>\n\t\t\t\t\t<\/div>\n\t\t<\/section>\n\t\t\t\t<\/div>","protected":false},"excerpt":{"rendered":"<p>470+ Eco Campaigns Ce reprezint\u0103 eAlert eAlert reprezint\u0103 prima platform\u0103 \u00een municipiul Chi\u0219in\u0103u pentru monitorizarea \u00een timp real \u0219i avertizarea instantanee a popula\u021biei \u00een cazul unor hazarduri naturale \u0219i antropice periculoase. Aceast\u0103 aplica\u021bie&hellip;<\/p>","protected":false},"author":1,"featured_media":0,"parent":0,"menu_order":0,"comment_status":"closed","ping_status":"closed","template":"","meta":{"give_campaign_id":0,"_price":"","_stock":"","_tribe_ticket_header":"","_tribe_default_ticket_provider":"","_tribe_ticket_capacity":"0","_ticket_start_date":"","_ticket_end_date":"","_tribe_ticket_show_description":"","_tribe_ticket_show_not_going":false,"_tribe_ticket_use_global_stock":"","_tribe_ticket_global_stock_level":"","_global_stock_mode":"","_global_stock_cap":"","_tribe_rsvp_for_event":"","_tribe_ticket_going_count":"","_tribe_ticket_not_going_count":"","_tribe_tickets_list":"[]","_tribe_ticket_has_attendee_info_fields":false,"footnotes":"","_tec_slr_enabled":"","_tec_slr_layout":""},"class_list":["post-581","page","type-page","status-publish","hentry"],"campaignId":"","ticketed":false,"_links":{"self":[{"href":"https:\/\/ealert.md\/en\/wp-json\/wp\/v2\/pages\/581","targetHints":{"allow":["GET"]}}],"collection":[{"href":"https:\/\/ealert.md\/en\/wp-json\/wp\/v2\/pages"}],"about":[{"href":"https:\/\/ealert.md\/en\/wp-json\/wp\/v2\/types\/page"}],"author":[{"embeddable":true,"href":"https:\/\/ealert.md\/en\/wp-json\/wp\/v2\/users\/1"}],"replies":[{"embeddable":true,"href":"https:\/\/ealert.md\/en\/wp-json\/wp\/v2\/comments?post=581"}],"version-history":[{"count":12,"href":"https:\/\/ealert.md\/en\/wp-json\/wp\/v2\/pages\/581\/revisions"}],"predecessor-version":[{"id":7531,"href":"https:\/\/ealert.md\/en\/wp-json\/wp\/v2\/pages\/581\/revisions\/7531"}],"wp:attachment":[{"href":"https:\/\/ealert.md\/en\/wp-json\/wp\/v2\/media?parent=581"}],"curies":[{"name":"wp","href":"https:\/\/api.w.org\/{rel}","templated":true}]}}